{"id":10260,"date":"2020-05-25T13:25:26","date_gmt":"2020-05-25T13:25:26","guid":{"rendered":"http:\/\/labre.flywheelsites.com\/grievance-procedure\/"},"modified":"2020-05-25T13:25:26","modified_gmt":"2020-05-25T13:25:26","slug":"grievance-procedure","status":"publish","type":"page","link":"https:\/\/labre.nl\/en\/grievance-procedure\/","title":{"rendered":"Grievance procedure"},"content":{"rendered":"<section class=\"l-section wpb_row height_medium\"><div class=\"l-section-h i-cf\"><div class=\"g-cols vc_row via_flex valign_top type_default stacking_default\"><div class=\"vc_col-sm-12 wpb_column vc_column_container\"><div class=\"vc_column-inner\"><div class=\"wpb_wrapper\"><div class=\"wpb_text_column\"><div class=\"wpb_wrapper\"><h1>Grievance procedure<\/h1>\n<p>Labr\u00e9 advocaten is committed to act in the best interests of its clients at all times. In the event that you, as our client, are unsatisfied with aspects of the services provided, and you are still unsatisfied after discussing the matter with your lawyer at Labr\u00e9 advocaten, you can file an official complaint with Labr\u00e9 advocaten. An official complaint must be in writing and addressed to &#8220;the Complaint Officer at Labr\u00e9 advocaten&#8221;.<\/p>\n<p>An official complaint may concern the behaviour of your lawyer, the quality of the services provided or the amount of the invoice.<\/p>\n<p>Your official complaint will be handled by our Complaint Officers, Ramon Ridder and Tim Boer. The following procedure will be applied.<\/p>\n<p>The Complaint Officer will confirm in writing, within seven days of receipt of the complaint, that the complaint has been received and is being dealt with, and that every effort will be made to provide you with a substantive response within one month of the written confirmation of receipt.<\/p>\n<p>The substance of the complaint will be discussed with your lawyer and\/or the responsible partner; this will also be indicated in the confirmation of receipt of your complaint. If necessary, the Officer may gather further information from you, and discuss this with your lawyer and\/or the responsible partner.<\/p>\n<p>If, after receipt of the written response from the Complaint Officer, you wish to continue with your complaint, the Complaint Officer may decide to provided a further substantive response, within a reasonable period. Depending on the nature of your complaint, he or she may also refer you to the Dean of the Bar Association in Amsterdam or the District Court in Amsterdam.<\/p>\n<p>Labr\u00e9 advocaten has a legal obligation to insure against risk or damages caused by professional errors. Please note that any liability of Labr\u00e9 advocaten and its lawyers is limited at all times to the amount eligible for payment in the individual case in question under the firm&#8217;s professional liability insurance policy. Furthermore the General Terms and Conditions of Labr\u00e9 advocaten, which can be found on this website, apply to all services provided by Labr\u00e9 advocaten and its lawyers.<\/p>\n<\/div><\/div><\/div><\/div><\/div><\/div><\/div><\/section>\n","protected":false},"excerpt":{"rendered":"Grievance procedure Labr\u00e9 advocaten is committed to act in the best interests of its clients at all times. In the event that you, as our client, are unsatisfied with aspects of the services provided, and you are still unsatisfied after discussing the matter with your lawyer at Labr\u00e9 advocaten, you can file an official complaint...","protected":false},"author":1,"featured_media":0,"parent":0,"menu_order":0,"comment_status":"closed","ping_status":"closed","template":"","meta":{"_acf_changed":false,"footnotes":""},"class_list":["post-10260","page","type-page","status-publish","hentry"],"acf":[],"_links":{"self":[{"href":"https:\/\/labre.nl\/en\/wp-json\/wp\/v2\/pages\/10260","targetHints":{"allow":["GET"]}}],"collection":[{"href":"https:\/\/labre.nl\/en\/wp-json\/wp\/v2\/pages"}],"about":[{"href":"https:\/\/labre.nl\/en\/wp-json\/wp\/v2\/types\/page"}],"author":[{"embeddable":true,"href":"https:\/\/labre.nl\/en\/wp-json\/wp\/v2\/users\/1"}],"replies":[{"embeddable":true,"href":"https:\/\/labre.nl\/en\/wp-json\/wp\/v2\/comments?post=10260"}],"version-history":[{"count":0,"href":"https:\/\/labre.nl\/en\/wp-json\/wp\/v2\/pages\/10260\/revisions"}],"wp:attachment":[{"href":"https:\/\/labre.nl\/en\/wp-json\/wp\/v2\/media?parent=10260"}],"curies":[{"name":"wp","href":"https:\/\/api.w.org\/{rel}","templated":true}]}}